{"id":3456,"date":"2017-01-28T15:20:18","date_gmt":"2017-01-28T13:20:18","guid":{"rendered":"http:\/\/rautaruukinelakelaiset.fi\/?page_id=3456"},"modified":"2025-12-20T12:22:00","modified_gmt":"2025-12-20T10:22:00","slug":"hyotytieto","status":"publish","type":"page","link":"https:\/\/rautaruukinelakelaiset.fi\/?page_id=3456","title":{"rendered":"Tietolinkki"},"content":{"rendered":"<p><strong><span style=\"font-size: large;\">T\u00e4ll\u00e4 sivulla on linkkej\u00e4 hy\u00f6dylliseen tietoon. <\/span><\/strong><\/p>\n<p>&nbsp;<\/p>\n<p>Linux muistitikun teko-ohje: https:\/\/www.youtube.com\/watch?v=sYsl7GOm9Nw, Youtubessa on runsaasti muitakin ohjeita.<\/p>\n<p><strong><span style=\"font-size: large;\">Klikkaa linkki\u00e4 niin se avautuu.<\/span><\/strong><\/p>\n<p><span style=\"font-size: large;\"><a href=\"https:\/\/www.nettirassi.fi\/\">Nettirassi&nbsp; <\/a>Raahen alueen terveyssivut.<\/span><\/p>\n<p><span style=\"font-size: large;\"><a href=\"https:\/\/www.retkikartta.fi\/\">Suomen kartta<\/a>. <em>Eritt\u00e4in tarkka suomen kartta. L\u00f6ytyy mm. retkeilyreitist\u00f6t.<br \/>\n<\/em><\/span><\/p>\n<p><span style=\"font-size: large;\"><a href=\"http:\/\/ilmatieteenlaitos.fi\/sade-ja-pilvialueet\">Sade ja pilvialueet<\/a>. <em>Ilmatieteenlaitoksen pilvisyystieto ja s\u00e4\u00e4 tiedot<br \/>\n<\/em><\/span><\/p>\n<p><span style=\"font-size: large;\"><a href=\"http:\/\/polttoaine.net\/\">Polttoaineen hinnat<\/a>.&nbsp;<em> Koko suomen polttoainehinnat.<\/em><\/span><\/p>\n<p><span style=\"font-size: large;\"><a href=\"https:\/\/www.kelikamerat.info\/kelikamerat\/Pohjois-Pohjanmaa\">Liikennekamerat. <\/a>Suomen liikenne ja s\u00e4\u00e4 kamerat.<br \/>\n<\/span><\/p>\n<p><span style=\"font-size: large;\"><a href=\"http:\/\/www.portofhelsinki.fi\/helsingin-satama\/webkamerat\">Helsingin satamien kameroita.<\/a> Helsingin satamien ajantasaiset kuvat.<\/span><\/p>\n<p><a href=\"https:\/\/asiointi.maanmittauslaitos.fi\/karttapaikka\/?lang=fi\"><span style=\"font-size: large;\">Kiinteist\u00f6karttoja. <\/span><\/a><span style=\"font-size: 14pt;\">Kiinteist\u00f6jen rajat.<\/span><\/p>\n<p><span style=\"font-size: large;\"><a href=\"http:\/\/www.vtkl.fi\/seniorsurf\">SeniorSurf.<\/a> L\u00f6ytyy neuvoja ik\u00e4ihmisten tietotekniikan k\u00e4ytt\u00f6\u00f6n.<br \/>\n<\/span><\/p>\n<p><span style=\"font-size: 20px;\"><a href=\"https:\/\/elonet.finna.fi\/\"><span style=\"font-size: 16px;\">Kotimaisia elokuvia<\/span><\/a><\/span><\/p>\n<p><a href=\"https:\/\/support.google.com\/chrome\/answer\/173424?hl=fi&amp;co=GENIE.Platform%3DDesktop\">Sivujen k\u00e4\u00e4nn\u00f6sohjelma<\/a><\/p>\n<p><span style=\"font-size: 14pt;\">&nbsp;<\/span><\/p>\n","protected":false},"excerpt":{"rendered":"<p>T\u00e4ll\u00e4 sivulla on linkkej\u00e4 hy\u00f6dylliseen tietoon. &nbsp; Linux muistitikun teko-ohje: https:\/\/www.youtube.com\/watch?v=sYsl7GOm9Nw, Youtubessa on runsaasti muitakin ohjeita. Klikkaa linkki\u00e4 niin se avautuu. Nettirassi&nbsp; Raahen alueen terveyssivut. Suomen kartta. Eritt\u00e4in tarkka suomen kartta. L\u00f6ytyy mm. retkeilyreitist\u00f6t. Sade ja pilvialueet. Ilmatieteenlaitoksen pilvisyystieto ja s\u00e4\u00e4 tiedot Polttoaineen hinnat.&nbsp; Koko suomen polttoainehinnat. Liikennekamerat. Suomen liikenne ja s\u00e4\u00e4 kamerat. Helsingin satamien <a href=\"https:\/\/rautaruukinelakelaiset.fi\/?page_id=3456\">Continue reading &#8594;<\/a><\/p>\n","protected":false},"author":2,"featured_media":0,"parent":0,"menu_order":0,"comment_status":"closed","ping_status":"open","template":"","meta":{"ngg_post_thumbnail":0,"footnotes":""},"class_list":["post-3456","page","type-page","status-publish","hentry"],"_links":{"self":[{"href":"https:\/\/rautaruukinelakelaiset.fi\/index.php?rest_route=\/wp\/v2\/pages\/3456","targetHints":{"allow":["GET"]}}],"collection":[{"href":"https:\/\/rautaruukinelakelaiset.fi\/index.php?rest_route=\/wp\/v2\/pages"}],"about":[{"href":"https:\/\/rautaruukinelakelaiset.fi\/index.php?rest_route=\/wp\/v2\/types\/page"}],"author":[{"embeddable":true,"href":"https:\/\/rautaruukinelakelaiset.fi\/index.php?rest_route=\/wp\/v2\/users\/2"}],"replies":[{"embeddable":true,"href":"https:\/\/rautaruukinelakelaiset.fi\/index.php?rest_route=%2Fwp%2Fv2%2Fcomments&post=3456"}],"version-history":[{"count":26,"href":"https:\/\/rautaruukinelakelaiset.fi\/index.php?rest_route=\/wp\/v2\/pages\/3456\/revisions"}],"predecessor-version":[{"id":10110,"href":"https:\/\/rautaruukinelakelaiset.fi\/index.php?rest_route=\/wp\/v2\/pages\/3456\/revisions\/10110"}],"wp:attachment":[{"href":"https:\/\/rautaruukinelakelaiset.fi\/index.php?rest_route=%2Fwp%2Fv2%2Fmedia&parent=3456"}],"curies":[{"name":"wp","href":"https:\/\/api.w.org\/{rel}","templated":true}]}}