{"id":30,"date":"2009-02-25T00:34:04","date_gmt":"2009-02-24T22:34:04","guid":{"rendered":"http:\/\/rautaruukinelakelaiset.fi\/?page_id=30"},"modified":"2021-12-05T17:19:08","modified_gmt":"2021-12-05T15:19:08","slug":"matkakertomukset","status":"publish","type":"page","link":"https:\/\/rautaruukinelakelaiset.fi\/?page_id=30","title":{"rendered":"Matkakertomukset"},"content":{"rendered":"<h1 style=\"text-align: center;\">&nbsp;<\/h1>\n<h1 style=\"text-align: center;\">&nbsp;<\/h1>\n<h1 style=\"text-align: center;\"><span style=\"font-size: large;\"><a href=\"http:\/\/rautaruukinelakelaiset.fi\/?p=1655\"><span style=\"font-size: small;\">Pykeijan matka 2013<br \/>\n<\/span><\/a><\/span><\/h1>\n<h1 style=\"text-align: center;\"><strong><span style=\"font-size: small;\"><strong><a href=\"http:\/\/rautaruukinelakelaiset.fi\/?p=803\">Tartu Mikkiin 20.4.2010<\/a><\/strong><\/span><\/strong><\/h1>\n<h1 style=\"text-align: center;\"><span style=\"font-size: large;\"><a href=\"http:\/\/rautaruukinelakelaiset.fi\/?p=612\"><span style=\"font-size: small;\">Syysretki 2009 <\/span><\/a><\/span><\/h1>\n<h1 style=\"text-align: center;\"><span style=\"font-size: large;\"><a href=\"http:\/\/rautaruukinelakelaiset.fi\/?p=413\"><span style=\"font-size: small;\">Norjan matka 9 -12.9.2009<\/span><\/a><\/span><\/h1>\n<h1 style=\"text-align: center;\"><span style=\"font-size: small;\"><a href=\"http:\/\/rautaruukinelakelaiset.fi\/?p=261\">Luostolla lysti\u00e4 pit\u00e4m\u00e4ss\u00e4 2008<\/a><\/span><\/h1>\n<h1 style=\"text-align: center;\"><strong><span style=\"font-size: small;\">&nbsp;<\/span><\/strong><\/h1>\n<p style=\"padding-left: 120px;\">&nbsp;<\/p>\n","protected":false},"excerpt":{"rendered":"<p>&nbsp; &nbsp; Pykeijan matka 2013 Tartu Mikkiin 20.4.2010 Syysretki 2009 Norjan matka 9 -12.9.2009 Luostolla lysti\u00e4 pit\u00e4m\u00e4ss\u00e4 2008 &nbsp; &nbsp;<\/p>\n","protected":false},"author":1,"featured_media":0,"parent":0,"menu_order":14,"comment_status":"closed","ping_status":"closed","template":"","meta":{"ngg_post_thumbnail":0,"footnotes":""},"class_list":["post-30","page","type-page","status-publish","hentry"],"_links":{"self":[{"href":"https:\/\/rautaruukinelakelaiset.fi\/index.php?rest_route=\/wp\/v2\/pages\/30","targetHints":{"allow":["GET"]}}],"collection":[{"href":"https:\/\/rautaruukinelakelaiset.fi\/index.php?rest_route=\/wp\/v2\/pages"}],"about":[{"href":"https:\/\/rautaruukinelakelaiset.fi\/index.php?rest_route=\/wp\/v2\/types\/page"}],"author":[{"embeddable":true,"href":"https:\/\/rautaruukinelakelaiset.fi\/index.php?rest_route=\/wp\/v2\/users\/1"}],"replies":[{"embeddable":true,"href":"https:\/\/rautaruukinelakelaiset.fi\/index.php?rest_route=%2Fwp%2Fv2%2Fcomments&post=30"}],"version-history":[{"count":50,"href":"https:\/\/rautaruukinelakelaiset.fi\/index.php?rest_route=\/wp\/v2\/pages\/30\/revisions"}],"predecessor-version":[{"id":8006,"href":"https:\/\/rautaruukinelakelaiset.fi\/index.php?rest_route=\/wp\/v2\/pages\/30\/revisions\/8006"}],"wp:attachment":[{"href":"https:\/\/rautaruukinelakelaiset.fi\/index.php?rest_route=%2Fwp%2Fv2%2Fmedia&parent=30"}],"curies":[{"name":"wp","href":"https:\/\/api.w.org\/{rel}","templated":true}]}}