{"id":27,"date":"2009-02-25T00:32:40","date_gmt":"2009-02-24T22:32:40","guid":{"rendered":"http:\/\/rautaruukinelakelaiset.fi\/?page_id=27"},"modified":"2026-04-30T08:39:02","modified_gmt":"2026-04-30T06:39:02","slug":"kuvagalleria","status":"publish","type":"page","link":"https:\/\/rautaruukinelakelaiset.fi\/?page_id=27","title":{"rendered":"Kuvakalleria"},"content":{"rendered":"<h2 style=\"text-align: center;\"><span style=\"text-decoration: underline;\">KUVAGALLERIA<\/span><\/h2>\n<p style=\"padding-left: 180px;\">1. Valitse galleria t\u00e4lt\u00e4 sivulta<\/p>\n<p style=\"padding-left: 180px;\">2. N\u00e4et kuvat isompana klikkaamalla kerran pient\u00e4 kuvaa<\/p>\n<p style=\"padding-left: 180px;\">3. Kun kuva on isompana, voit selata kuvia alaosan nuolista<\/p>\n<p style=\"padding-left: 180px;\">4. Iso kuva sulkeutuu kun sit\u00e4 klikkaa hiirell\u00e4 kerran tai painamalla Esc-nappia<\/p>\n<p style=\"padding-left: 180px;\">5. Huom. Yhdess\u00e4 galleriassa voi olla usempi sivu.&nbsp; Sivujen valinta l\u00f6ytyy pikkukuvien alaosasta<\/p>\n<p>&nbsp; &nbsp; &nbsp; &nbsp; &nbsp; &nbsp; &nbsp; &nbsp; &nbsp; &nbsp; &nbsp; &nbsp; &nbsp; &nbsp; &nbsp; &nbsp; &nbsp; &nbsp; &nbsp; &nbsp; &nbsp; &nbsp; &nbsp; &nbsp; &nbsp; &nbsp; &nbsp; &nbsp; &nbsp; &nbsp; &nbsp; &nbsp; &nbsp; &nbsp; &nbsp; <a href=\"https:\/\/rautaruukinelakelaiset.fi\/?p=10192\">Rauhalahti&nbsp; 2026 video<\/a><\/p>\n<p>&nbsp; &nbsp; &nbsp; &nbsp; &nbsp; &nbsp; &nbsp; &nbsp; &nbsp; &nbsp; &nbsp; &nbsp; &nbsp; &nbsp; &nbsp; &nbsp; &nbsp; &nbsp; &nbsp; &nbsp; &nbsp; &nbsp; &nbsp; &nbsp; &nbsp; &nbsp; &nbsp; &nbsp; &nbsp; &nbsp; &nbsp; &nbsp; &nbsp; &nbsp; &nbsp; <a href=\"https:\/\/rautaruukinelakelaiset.fi\/?p=10201\">Rauhalahti ja sokkomatka&nbsp; 2026<\/a><\/p>\n<p style=\"text-align: left;\">&nbsp;&nbsp;&nbsp;&nbsp;&nbsp;&nbsp;&nbsp;&nbsp;&nbsp;&nbsp;&nbsp;&nbsp;&nbsp;&nbsp;&nbsp;&nbsp;&nbsp;&nbsp;&nbsp;&nbsp;&nbsp;&nbsp;&nbsp;&nbsp;&nbsp;&nbsp;&nbsp;&nbsp;&nbsp;&nbsp;&nbsp;&nbsp;&nbsp;&nbsp;&nbsp;&nbsp;&nbsp;&nbsp;&nbsp;&nbsp;&nbsp;&nbsp;&nbsp;&nbsp;&nbsp;&nbsp;&nbsp;&nbsp;&nbsp;&nbsp;&nbsp;&nbsp;&nbsp;&nbsp;&nbsp;&nbsp;&nbsp;&nbsp;&nbsp;&nbsp;&nbsp;&nbsp;&nbsp;&nbsp;&nbsp;&nbsp;&nbsp;&nbsp;&nbsp;&nbsp; <a href=\"http:\/\/rautaruukinelakelaiset.fi\/?p=9782\">Tapahtumia 25<\/a> &nbsp;&nbsp;&nbsp;&nbsp;&nbsp;&nbsp;&nbsp;&nbsp;&nbsp;&nbsp;&nbsp;&nbsp;&nbsp;&nbsp;&nbsp;&nbsp;&nbsp;&nbsp;&nbsp;&nbsp;&nbsp;&nbsp;&nbsp;&nbsp;&nbsp;&nbsp;&nbsp;&nbsp;&nbsp;&nbsp;&nbsp;&nbsp;&nbsp;&nbsp;&nbsp;&nbsp;&nbsp;&nbsp;&nbsp;&nbsp;&nbsp;&nbsp;&nbsp;&nbsp;&nbsp;&nbsp;&nbsp;&nbsp;&nbsp;&nbsp;&nbsp;&nbsp;&nbsp;&nbsp;&nbsp;&nbsp;&nbsp;<\/p>\n<p>&nbsp;&nbsp;&nbsp;&nbsp;&nbsp;&nbsp;&nbsp;&nbsp;&nbsp;&nbsp;&nbsp;&nbsp;&nbsp;&nbsp;&nbsp;&nbsp;&nbsp;&nbsp;&nbsp;&nbsp;&nbsp;&nbsp;&nbsp;&nbsp;&nbsp;&nbsp;&nbsp;&nbsp;&nbsp;&nbsp;&nbsp;&nbsp;&nbsp;&nbsp;&nbsp;&nbsp;&nbsp;&nbsp;&nbsp;&nbsp;&nbsp;&nbsp;&nbsp;&nbsp;&nbsp;&nbsp;&nbsp;&nbsp;&nbsp;&nbsp;&nbsp;&nbsp;&nbsp;&nbsp;&nbsp;&nbsp;&nbsp;&nbsp;&nbsp;&nbsp;&nbsp;&nbsp;&nbsp;&nbsp;&nbsp;&nbsp;&nbsp;&nbsp;&nbsp;&nbsp; <a href=\"http:\/\/rautaruukinelakelaiset.fi\/?p=9651\">Rhodos 25<\/a><\/p>\n<p>&nbsp;&nbsp;&nbsp;&nbsp;&nbsp;&nbsp;&nbsp;&nbsp;&nbsp;&nbsp;&nbsp;&nbsp;&nbsp;&nbsp;&nbsp;&nbsp;&nbsp;&nbsp;&nbsp;&nbsp;&nbsp;&nbsp;&nbsp;&nbsp;&nbsp;&nbsp;&nbsp;&nbsp;&nbsp;&nbsp;&nbsp;&nbsp;&nbsp;&nbsp;&nbsp;&nbsp;&nbsp;&nbsp;&nbsp;&nbsp;&nbsp;&nbsp;&nbsp;&nbsp;&nbsp;&nbsp;&nbsp;&nbsp;&nbsp;&nbsp;&nbsp;&nbsp;&nbsp;&nbsp;&nbsp;&nbsp;&nbsp;&nbsp;&nbsp;&nbsp;&nbsp;&nbsp;&nbsp;&nbsp;&nbsp;&nbsp;&nbsp;&nbsp;&nbsp;&nbsp; <a href=\"http:\/\/rautaruukinelakelaiset.fi\/?p=9358\">Is\u00e4np\u00e4iv\u00e4 2024<\/a><\/p>\n<p>&nbsp;&nbsp;&nbsp;&nbsp;&nbsp;&nbsp;&nbsp;&nbsp;&nbsp;&nbsp;&nbsp;&nbsp;&nbsp;&nbsp;&nbsp;&nbsp;&nbsp;&nbsp;&nbsp;&nbsp;&nbsp;&nbsp;&nbsp;&nbsp;&nbsp;&nbsp;&nbsp;&nbsp;&nbsp;&nbsp;&nbsp;&nbsp;&nbsp;&nbsp;&nbsp;&nbsp;&nbsp;&nbsp;&nbsp;&nbsp;&nbsp;&nbsp;&nbsp;&nbsp;&nbsp;&nbsp;&nbsp;&nbsp;&nbsp;&nbsp;&nbsp;&nbsp;&nbsp;&nbsp;&nbsp;&nbsp;&nbsp; &nbsp; &nbsp;&nbsp;&nbsp;&nbsp;&nbsp;&nbsp;&nbsp;&nbsp;&nbsp;&nbsp; <a href=\"http:\/\/rautaruukinelakelaiset.fi\/?p=9024\"> It\u00e4suomi 2024<\/a><\/p>\n<p>&nbsp;&nbsp;&nbsp;&nbsp;&nbsp;&nbsp;&nbsp;&nbsp;&nbsp;&nbsp;&nbsp;&nbsp;&nbsp;&nbsp;&nbsp;&nbsp;&nbsp;&nbsp;&nbsp;&nbsp;&nbsp;&nbsp;&nbsp;&nbsp;&nbsp;&nbsp;&nbsp;&nbsp;&nbsp;&nbsp;&nbsp;&nbsp;&nbsp;&nbsp;&nbsp;&nbsp;&nbsp;&nbsp;&nbsp;&nbsp;&nbsp;&nbsp;&nbsp;&nbsp;&nbsp;&nbsp;&nbsp;&nbsp;&nbsp;&nbsp;&nbsp;&nbsp;&nbsp;&nbsp;&nbsp;&nbsp;&nbsp;&nbsp;&nbsp;&nbsp;&nbsp;&nbsp;&nbsp;&nbsp;&nbsp;&nbsp;&nbsp;&nbsp;&nbsp;&nbsp; <a href=\"http:\/\/rautaruukinelakelaiset.fi\/?p=8675\">Ahvenanmaa 2023<\/a><\/p>\n<p>&nbsp;&nbsp;&nbsp;&nbsp;&nbsp;&nbsp;&nbsp;&nbsp;&nbsp;&nbsp;&nbsp;&nbsp;&nbsp;&nbsp;&nbsp;&nbsp;&nbsp;&nbsp;&nbsp;&nbsp;&nbsp;&nbsp;&nbsp;&nbsp;&nbsp;&nbsp;&nbsp;&nbsp;&nbsp;&nbsp;&nbsp;&nbsp;&nbsp;&nbsp;&nbsp;&nbsp;&nbsp;&nbsp;&nbsp;&nbsp;&nbsp;&nbsp;&nbsp;&nbsp;&nbsp;&nbsp;&nbsp;&nbsp;&nbsp;&nbsp;&nbsp;&nbsp;&nbsp;&nbsp;&nbsp;&nbsp;&nbsp;&nbsp;&nbsp;&nbsp;&nbsp;&nbsp;&nbsp;&nbsp;&nbsp;&nbsp;&nbsp;&nbsp;&nbsp;&nbsp;<a href=\"https:\/\/rautaruukinelakelaiset.fi\/?p=8504\"> Kylpyl\u00e4matka Rauhanlahti<\/a><\/p>\n<p>&nbsp; &nbsp; &nbsp; &nbsp; &nbsp; &nbsp; &nbsp; &nbsp; &nbsp; &nbsp; &nbsp; &nbsp; &nbsp; &nbsp; &nbsp; &nbsp; &nbsp; &nbsp; &nbsp; &nbsp; &nbsp; &nbsp; &nbsp; &nbsp; &nbsp; &nbsp; &nbsp; &nbsp; &nbsp; &nbsp; &nbsp; &nbsp; &nbsp; &nbsp; &nbsp;&nbsp; <a href=\"https:\/\/rautaruukinelakelaiset.fi\/?p=8308\">50v juhlat<\/a><\/p>\n<p>&nbsp;&nbsp;&nbsp;&nbsp;&nbsp;&nbsp;&nbsp;&nbsp;&nbsp;&nbsp;&nbsp;&nbsp; &nbsp; &nbsp; &nbsp; &nbsp; &nbsp; &nbsp; &nbsp; &nbsp; &nbsp; &nbsp; &nbsp; &nbsp; &nbsp; &nbsp; &nbsp; &nbsp; &nbsp; &nbsp; &nbsp; &nbsp; &nbsp; &nbsp; &nbsp; &nbsp; &nbsp; &nbsp; &nbsp; &nbsp;&nbsp;&nbsp; <a href=\"http:\/\/rautaruukinelakelaiset.fi\/?p=8278\">Ruskamatka 2022<\/a> &nbsp;&nbsp;&nbsp;&nbsp;&nbsp;&nbsp;&nbsp;&nbsp;&nbsp;&nbsp;&nbsp;&nbsp;&nbsp;&nbsp;&nbsp;&nbsp;&nbsp;&nbsp;&nbsp;&nbsp;&nbsp;&nbsp;&nbsp;&nbsp;&nbsp;&nbsp;&nbsp;&nbsp;&nbsp;&nbsp;&nbsp;&nbsp;&nbsp;&nbsp;&nbsp;&nbsp;&nbsp;&nbsp;&nbsp;&nbsp;&nbsp;&nbsp;<\/p>\n<p>&nbsp; &nbsp; &nbsp; &nbsp; &nbsp; &nbsp; &nbsp; &nbsp; &nbsp; &nbsp; &nbsp; &nbsp; &nbsp; &nbsp; &nbsp; &nbsp; &nbsp; &nbsp; &nbsp; &nbsp; &nbsp; &nbsp; &nbsp; &nbsp; &nbsp; &nbsp; &nbsp; &nbsp; &nbsp; &nbsp; &nbsp; &nbsp; &nbsp; &nbsp; &nbsp;&nbsp; <a href=\"http:\/\/rautaruukinelakelaiset.fi\/?p=7759\">Ruskamatka 2021<\/a><a href=\"http:\/\/rautaruukinelakelaiset.fi\/?p=7564\"><span style=\"text-decoration: underline;\"><sub>&nbsp;<\/sub><\/span><\/a><\/p>\n<p><a href=\"http:\/\/rautaruukinelakelaiset.fi\/?p=7564\">&nbsp; &nbsp; &nbsp; &nbsp; &nbsp; &nbsp; &nbsp; &nbsp; &nbsp; &nbsp; &nbsp; &nbsp; &nbsp; &nbsp; &nbsp; &nbsp; &nbsp; &nbsp; &nbsp; &nbsp; &nbsp; &nbsp; &nbsp; &nbsp; &nbsp; &nbsp; &nbsp; &nbsp; &nbsp; &nbsp; &nbsp; &nbsp; &nbsp; &nbsp; &nbsp; Ruskamatka 2020<\/a><\/p>\n<p>&nbsp;&nbsp;&nbsp;&nbsp;&nbsp;&nbsp;&nbsp;&nbsp;&nbsp;&nbsp;&nbsp;&nbsp;&nbsp;&nbsp;&nbsp;&nbsp;&nbsp;&nbsp;&nbsp;&nbsp;&nbsp;&nbsp;&nbsp;&nbsp;&nbsp;&nbsp;&nbsp;&nbsp;&nbsp;&nbsp;&nbsp;&nbsp;&nbsp;&nbsp;&nbsp;&nbsp;&nbsp;&nbsp;&nbsp;&nbsp;&nbsp;&nbsp;&nbsp;&nbsp;&nbsp;&nbsp;&nbsp;&nbsp;&nbsp;&nbsp;&nbsp;&nbsp;&nbsp;&nbsp;&nbsp;&nbsp;&nbsp;&nbsp;&nbsp;&nbsp;&nbsp;&nbsp;&nbsp;&nbsp;&nbsp;&nbsp;&nbsp;&nbsp;&nbsp; <a href=\"http:\/\/rautaruukinelakelaiset.fi\/?p=7018\">Ruskamatka 2019<\/a><\/p>\n<p style=\"text-align: left;\">&nbsp;&nbsp;&nbsp;&nbsp;&nbsp;&nbsp;&nbsp;&nbsp;&nbsp;&nbsp;&nbsp;&nbsp;&nbsp;&nbsp;&nbsp;&nbsp;&nbsp;&nbsp;&nbsp;&nbsp;&nbsp;&nbsp;&nbsp;&nbsp;&nbsp;&nbsp;&nbsp;&nbsp;&nbsp;&nbsp;&nbsp;&nbsp;&nbsp;&nbsp;&nbsp;&nbsp;&nbsp;&nbsp;&nbsp;&nbsp;&nbsp;&nbsp;&nbsp;&nbsp;&nbsp;&nbsp;&nbsp;&nbsp;&nbsp;&nbsp;&nbsp;&nbsp;&nbsp;&nbsp;&nbsp;&nbsp;&nbsp;&nbsp;&nbsp;&nbsp;&nbsp;&nbsp;&nbsp;&nbsp;&nbsp; &nbsp; &nbsp; <a href=\"http:\/\/rautaruukinelakelaiset.fi\/?p=6670\">Rodos 2019<\/a><\/p>\n<p>&nbsp;&nbsp;&nbsp;&nbsp;&nbsp;&nbsp;&nbsp;&nbsp;&nbsp;&nbsp;&nbsp;&nbsp;&nbsp;&nbsp;&nbsp;&nbsp;&nbsp;&nbsp;&nbsp;&nbsp;&nbsp;&nbsp;&nbsp;&nbsp;&nbsp;&nbsp;&nbsp;&nbsp;&nbsp;&nbsp;&nbsp;&nbsp;&nbsp;&nbsp;&nbsp;&nbsp;&nbsp;&nbsp;&nbsp;&nbsp;&nbsp;&nbsp;&nbsp;&nbsp;&nbsp;&nbsp;&nbsp;&nbsp;&nbsp;&nbsp;&nbsp;&nbsp;&nbsp;&nbsp;&nbsp;&nbsp;&nbsp;&nbsp;&nbsp;&nbsp;&nbsp;&nbsp;&nbsp;&nbsp;&nbsp;&nbsp;&nbsp;&nbsp; <a href=\"http:\/\/rautaruukinelakelaiset.fi\/?p=6661\">&nbsp;Tapahtumia 2019<\/a><\/p>\n<p>&nbsp;&nbsp;&nbsp;&nbsp;&nbsp;&nbsp;&nbsp;&nbsp;&nbsp;&nbsp;&nbsp;&nbsp;&nbsp;&nbsp;&nbsp;&nbsp;&nbsp;&nbsp;&nbsp;&nbsp;&nbsp;&nbsp;&nbsp;&nbsp;&nbsp;&nbsp;&nbsp;&nbsp;&nbsp;&nbsp;&nbsp;&nbsp;&nbsp;&nbsp;&nbsp;&nbsp;&nbsp;&nbsp;&nbsp;&nbsp;&nbsp;&nbsp;&nbsp;&nbsp;&nbsp;&nbsp;&nbsp;&nbsp;&nbsp;&nbsp;&nbsp;&nbsp;&nbsp;&nbsp;&nbsp;&nbsp;&nbsp;&nbsp;&nbsp;&nbsp;&nbsp;&nbsp;&nbsp;&nbsp;&nbsp;&nbsp;&nbsp;&nbsp;&nbsp; <span style=\"text-decoration: underline;\"><a href=\"http:\/\/rautaruukinelakelaiset.fi\/?p=4436\">Ruskamatka 2018<\/a><\/span><\/p>\n<p style=\"text-align: left; padding-left: 270px;\"><span style=\"text-decoration: underline;\"><a href=\"http:\/\/rautaruukinelakelaiset.fi\/?p=4379\">It\u00e4meren p\u00e4\u00e4kaupungit 2018<\/a><\/span><\/p>\n<p style=\"text-align: left; padding-left: 270px;\"><span style=\"text-decoration: underline;\"><a href=\"http:\/\/rautaruukinelakelaiset.fi\/?p=4219\">Tapahtumia 2018<\/a><\/span><\/p>\n<p style=\"text-align: left; padding-left: 270px;\"><span style=\"text-decoration: underline;\"><a href=\"http:\/\/rautaruukinelakelaiset.fi\/?p=3945\">Ruskamatka 2017<\/a><\/span><\/p>\n<p style=\"text-align: left; padding-left: 270px;\"><span style=\"text-decoration: underline;\"><a href=\"http:\/\/rautaruukinelakelaiset.fi\/?p=3852\">It\u00e4suomen kierros 2017<\/a><\/span><\/p>\n<p style=\"text-align: left; padding-left: 270px;\"><span style=\"text-decoration: underline;\"><a href=\"http:\/\/rautaruukinelakelaiset.fi\/?p=3515\">Tapahtumia 2017<\/a><\/span><\/p>\n<p style=\"text-align: left; padding-left: 270px;\"><span style=\"text-decoration: underline;\"><a href=\"http:\/\/rautaruukinelakelaiset.fi\/?p=3141\">Ruskamatka Rovaniemelle 2016<\/a><\/span><\/p>\n<p style=\"text-align: left; padding-left: 270px;\"><span style=\"text-decoration: underline;\"><a href=\"http:\/\/rautaruukinelakelaiset.fi\/?p=3063\">Baltian kierros 2016<\/a><\/span><\/p>\n<p style=\"text-align: left; padding-left: 270px;\"><span style=\"text-decoration: underline;\"><a href=\"http:\/\/rautaruukinelakelaiset.fi\/?p=2710\">Tapahtumia 2015<\/a><\/span><\/p>\n<p style=\"text-align: left; padding-left: 270px;\"><span style=\"text-decoration: underline;\"><a href=\"http:\/\/rautaruukinelakelaiset.fi\/?p=2619\">Ruskamatka 2015<\/a><\/span><\/p>\n<p style=\"text-align: left; padding-left: 270px;\"><span style=\"text-decoration: underline;\"><a href=\"http:\/\/rautaruukinelakelaiset.fi\/?p=2530\">Kev\u00e4tjuhla 2015<\/a><\/span><\/p>\n<p style=\"text-align: left; padding-left: 270px;\"><span style=\"text-decoration: underline;\"><a href=\"http:\/\/rautaruukinelakelaiset.fi\/?p=2523\">Hailuoto-Oulu 2015<\/a><\/span><\/p>\n<p style=\"text-align: left; padding-left: 270px;\"><span style=\"text-decoration: underline;\"><a href=\"http:\/\/rautaruukinelakelaiset.fi\/?p=2308\">Kivitippu 2015<\/a><\/span><\/p>\n<p style=\"text-align: left; padding-left: 270px;\"><span style=\"text-decoration: underline;\"><a href=\"http:\/\/rautaruukinelakelaiset.fi\/?p=2015\">Ruskaretki Rukalle&nbsp; 2014<\/a><\/span><\/p>\n<p style=\"text-align: left; padding-left: 270px;\"><a href=\"http:\/\/rautaruukinelakelaiset.fi\/?p=1956\">Kev\u00e4tjuhla<\/a><\/p>\n<p style=\"text-align: left; padding-left: 270px;\"><a href=\"http:\/\/rautaruukinelakelaiset.fi\/?p=1952\">Pekka<\/a> Laakan kahvitilaisuus kerholla 9.4.2014<\/p>\n<p style=\"text-align: left; padding-left: 270px;\"><a href=\"http:\/\/rautaruukinelakelaiset.fi\/?p=1814\">Pikkujoulu 2013<\/a><\/p>\n<p style=\"text-align: left; padding-left: 270px;\"><span style=\"text-decoration: underline;\"><a href=\"http:\/\/rautaruukinelakelaiset.fi\/?p=1693\">Ruskaretki Pykeijaan 2013<\/a><\/span><\/p>\n<p style=\"text-align: left; padding-left: 270px;\"><span style=\"text-decoration: underline;\"><a href=\"http:\/\/rautaruukinelakelaiset.fi\/?p=1621\">Lomamatka kainuuseen 2013<\/a><\/span><\/p>\n<p style=\"text-align: left; padding-left: 270px;\"><span style=\"text-decoration: underline;\"><a href=\"http:\/\/rautaruukinelakelaiset.fi\/?p=1549\">Tapahtumia 2013<\/a><\/span><\/p>\n<p style=\"text-align: left; padding-left: 270px;\"><a href=\"http:\/\/rautaruukinelakelaiset.fi\/?p=1474\">Pikkujoulu 2012<\/a><\/p>\n<p style=\"text-align: left; padding-left: 270px;\"><a href=\"http:\/\/rautaruukinelakelaiset.fi\/?p=1434\"><span style=\"text-decoration: underline;\">40-vuotisjuhla<\/span><\/a><\/p>\n<p style=\"text-align: left; padding-left: 270px;\"><a href=\"http:\/\/rautaruukinelakelaiset.fi\/?p=1368\"><span style=\"text-decoration: underline;\">Lappeenranta &#8211; Viipuri 2012<\/span><\/a><\/p>\n<p style=\"text-align: left; padding-left: 270px;\"><span style=\"text-decoration: underline;\"><a href=\"http:\/\/rautaruukinelakelaiset.fi\/?p=1280\">Peurunka 2012<\/a><\/span><\/p>\n<p style=\"text-align: left; padding-left: 270px;\"><span style=\"text-decoration: underline;\"><a href=\"http:\/\/rautaruukinelakelaiset.fi\/?p=1252\">Tapahtumia 2012<\/a><\/span><\/p>\n<p style=\"text-align: left; padding-left: 270px;\"><a href=\"http:\/\/rautaruukinelakelaiset.fi\/?p=1154\">Pikkujoulu 2011<\/a><\/p>\n<p style=\"text-align: left; padding-left: 270px;\"><a href=\"http:\/\/rautaruukinelakelaiset.fi\/?p=1115\">Syysjuhla ja Is\u00e4np\u00e4iv\u00e4 2011<\/a><\/p>\n<p style=\"text-align: left; padding-left: 270px;\"><a href=\"http:\/\/rautaruukinelakelaiset.fi\/?p=1110\">Saariselk\u00e4 2011<\/a><\/p>\n<p style=\"text-align: left; padding-left: 270px;\"><a href=\"http:\/\/rautaruukinelakelaiset.fi\/?p=1086\">Syksy 2011<\/a><\/p>\n<p style=\"text-align: left; padding-left: 270px;\"><a href=\"http:\/\/rautaruukinelakelaiset.fi\/?p=1069\">Kev\u00e4tjuhla 2011<\/a><\/p>\n<p style=\"text-align: left; padding-left: 270px;\"><a href=\"http:\/\/rautaruukinelakelaiset.fi\/?p=1033\">Rokua 2011<\/a><\/p>\n<p style=\"text-align: left; padding-left: 270px;\"><span style=\"text-decoration: underline;\"><a href=\"http:\/\/rautaruukinelakelaiset.fi\/?p=1039\">Tapahtumia 2011<\/a><\/span><\/p>\n<p style=\"text-align: left; padding-left: 270px;\"><a href=\"http:\/\/rautaruukinelakelaiset.fi\/?p=964\">Pikkujoulu 2010<\/a><\/p>\n<p style=\"text-align: left; padding-left: 270px;\"><a href=\"http:\/\/rautaruukinelakelaiset.fi\/?p=949\">Syysjuhla 12.11.2010<\/a><\/p>\n<p style=\"text-align: left; padding-left: 270px;\"><a href=\"http:\/\/rautaruukinelakelaiset.fi\/?p=884\">Ulkoilup\u00e4iv\u00e4 3.9.2010<\/a><\/p>\n<p style=\"text-align: left; padding-left: 270px;\"><span style=\"text-decoration: underline;\"><a href=\"http:\/\/rautaruukinelakelaiset.fi\/?p=862\">Kuopio 2010<\/a><\/span><\/p>\n<p style=\"text-align: left; padding-left: 270px;\"><span style=\"text-decoration: underline;\"><a href=\"http:\/\/rautaruukinelakelaiset.fi\/?p=835\">Kev\u00e4tjuhla 7.5.2010<\/a><\/span><\/p>\n<p style=\"text-align: left; padding-left: 270px;\"><span style=\"text-decoration: underline;\"><a href=\"http:\/\/rautaruukinelakelaiset.fi\/?p=799\">Tartu Mikkiin 20.4.2010<\/a><\/span><\/p>\n<p style=\"text-align: left; padding-left: 270px;\"><span style=\"text-decoration: underline;\"><a href=\"http:\/\/rautaruukinelakelaiset.fi\/?p=750\">Tapahtumia 2010<\/a><\/span><\/p>\n<p style=\"padding-left: 270px; text-align: left;\">Vanhemmat kuvat on siirretty muistitikulle tilan v\u00e4hyyden takia.<\/p>\n<p style=\"padding-left: 270px; text-align: left;\">Jos haluat katsella niit\u00e4, niin kysy kerhosta.<\/p>\n","protected":false},"excerpt":{"rendered":"<p>KUVAGALLERIA 1. Valitse galleria t\u00e4lt\u00e4 sivulta 2. N\u00e4et kuvat isompana klikkaamalla kerran pient\u00e4 kuvaa 3. Kun kuva on isompana, voit selata kuvia alaosan nuolista 4. Iso kuva sulkeutuu kun sit\u00e4 klikkaa hiirell\u00e4 kerran tai painamalla Esc-nappia 5. Huom. Yhdess\u00e4 galleriassa voi olla usempi sivu.&nbsp; Sivujen valinta l\u00f6ytyy pikkukuvien alaosasta &nbsp; &nbsp; &nbsp; &nbsp; &nbsp; &nbsp; <a href=\"https:\/\/rautaruukinelakelaiset.fi\/?page_id=27\">Continue reading &#8594;<\/a><\/p>\n","protected":false},"author":1,"featured_media":0,"parent":0,"menu_order":13,"comment_status":"closed","ping_status":"closed","template":"","meta":{"ngg_post_thumbnail":0,"footnotes":""},"class_list":["post-27","page","type-page","status-publish","hentry"],"_links":{"self":[{"href":"https:\/\/rautaruukinelakelaiset.fi\/index.php?rest_route=\/wp\/v2\/pages\/27","targetHints":{"allow":["GET"]}}],"collection":[{"href":"https:\/\/rautaruukinelakelaiset.fi\/index.php?rest_route=\/wp\/v2\/pages"}],"about":[{"href":"https:\/\/rautaruukinelakelaiset.fi\/index.php?rest_route=\/wp\/v2\/types\/page"}],"author":[{"embeddable":true,"href":"https:\/\/rautaruukinelakelaiset.fi\/index.php?rest_route=\/wp\/v2\/users\/1"}],"replies":[{"embeddable":true,"href":"https:\/\/rautaruukinelakelaiset.fi\/index.php?rest_route=%2Fwp%2Fv2%2Fcomments&post=27"}],"version-history":[{"count":188,"href":"https:\/\/rautaruukinelakelaiset.fi\/index.php?rest_route=\/wp\/v2\/pages\/27\/revisions"}],"predecessor-version":[{"id":10274,"href":"https:\/\/rautaruukinelakelaiset.fi\/index.php?rest_route=\/wp\/v2\/pages\/27\/revisions\/10274"}],"wp:attachment":[{"href":"https:\/\/rautaruukinelakelaiset.fi\/index.php?rest_route=%2Fwp%2Fv2%2Fmedia&parent=27"}],"curies":[{"name":"wp","href":"https:\/\/api.w.org\/{rel}","templated":true}]}}