{"id":19,"date":"2009-02-25T00:27:31","date_gmt":"2009-02-24T22:27:31","guid":{"rendered":"http:\/\/rautaruukinelakelaiset.fi\/?page_id=19"},"modified":"2021-11-04T09:08:09","modified_gmt":"2021-11-04T07:08:09","slug":"saannot","status":"publish","type":"page","link":"https:\/\/rautaruukinelakelaiset.fi\/?page_id=19","title":{"rendered":"S\u00e4\u00e4nn\u00f6t"},"content":{"rendered":"<p style=\"text-align: center;\"><span style=\"font-size: medium;\"><span style=\"text-decoration: underline;\"><strong>S\u00c4\u00c4NN\u00d6T<\/strong><\/span><\/span><\/p>\n<p style=\"text-align: center;\"><span style=\"font-size: medium;\">Nimi ja tarkoitus<\/span><\/p>\n<p style=\"text-align: center;\"><span style=\"font-size: medium;\">1\u00a7<\/span><\/p>\n<p style=\"text-align: left;\">Yhdistyksen nimi on Rautaruukin El\u00e4kel\u00e4iset. Yhdistys on suomenkielinen ja sen kotipaikka on RAAHE toimialueena Raahe, Pattijoki, Ruukki, Vihanti, Pyh\u00e4joki, Siikajoki.<\/p>\n<p style=\"text-align: center;\"><span style=\"font-size: medium;\">2\u00a7<\/span><\/p>\n<p style=\"text-align: center;\">Yhdistyksen toiminnan tarkoituksena on toimia Rautaruukki Oy:n Raahen tehtaiden ymp\u00e4rist\u00f6kunnissa el\u00e4kkeell\u00e4 olevien yhdyssiteen\u00e4, tehd\u00e4 valistusty\u00f6t\u00e4 el\u00e4kel\u00e4isten keskuudessa, her\u00e4tt\u00e4\u00e4 kaikenlaiseen omatoimisuuteen kuntonsa yll\u00e4pit\u00e4miseksi, kehitt\u00e4\u00e4 el\u00e4kel\u00e4isten henkist\u00e4 ja ruumiillista kuntoa, laajentaa heid\u00e4n yhteiskunnallista tietouttaan ja auttaa pysym\u00e4\u00e4n virke\u00e4n\u00e4<\/p>\n<p style=\"text-align: center;\"><span style=\"font-size: medium;\">3\u00a7<\/span><\/p>\n<p style=\"text-align: left;\">Tarkoituksensa toteuttamiseksi yhdistys pyrkii:<\/p>\n<ol>\n<li>toimimaan yhdistyksen\u00e4 toimialueellaan s\u00e4\u00e4nt\u00f6jen 2 \u00a7:ss\u00e4 mainittujen el\u00e4keryhm\u00e4n kuuluvien henkil\u00f6iden kesken sek\u00e4 valvoo heid\u00e4n oikeuksiaan, tekee aloitteita ja esityksi\u00e4 heid\u00e4n asemansa parantamiseksi sek\u00e4 pyrkii edist\u00e4m\u00e4\u00e4n heid\u00e4n omatoimisuutta sek\u00e4 vastuuntuntoaan;<\/li>\n<li>yll\u00e4pit\u00e4m\u00e4\u00e4n yhteyksi\u00e4 muihin el\u00e4kel\u00e4isten asioita ajaviin yhdistyksiin tai yksityisiin kansalaisiin sek\u00e4 toimii yhteisty\u00f6ss\u00e4 sosiaali- ja muiden viranomaisten kanssa;<\/li>\n<li>antamaan mahdollisuuksien mukaan tarpeenmukaista tukea vaikeuksiin joutuneille j\u00e4senilleen;<\/li>\n<li>suorittamaan erilaatuista kuntoutustoimintaa, jossa tarkoituksessa voittoa tavoittelematta j\u00e4rjest\u00e4\u00e4 j\u00e4senilleen virkistysmahdollisuuksia, kokous-, esitelm\u00e4-, juhla-, kuntoutus- sek\u00e4 virkistysmatkoja;<\/li>\n<li>lis\u00e4ksi yhdistys voi toimia muissakin el\u00e4kel\u00e4isharrastuksissa, mik\u00e4li kyseist\u00e4 toimintaa harjoitetaan yhteiskunnan toimeksiannosta ja sen tuen turvin.<\/li>\n<\/ol>\n<p style=\"text-align: left;\">Toimintansa rahoittamiseksi yhdistys voi j\u00e4sentens\u00e4 suorittamien j\u00e4senmaksujen lis\u00e4ksi vastaanottaa avustuksia, lahjoituksia ja testamentteja, j\u00e4rjest\u00e4\u00e4 asianomaisten luvan saatuaan rahanker\u00e4yst\u00e4 ja arpajaisia, omistaa arvopapereita ja kiinteist\u00f6j\u00e4, harjoittaa kukka-, paperi-, rohdos- ja kioskikauppaa sek\u00e4 majoitus- ja ravitsemusliikett\u00e4. Varat toimintaan hankitaan avustusanomuksella valtioilta, kunnilta, yhteis\u00f6ilt\u00e4, yksityisilt\u00e4 henkil\u00f6ilt\u00e4 ja Rautaruukki Oy:lt\u00e4.<\/p>\n<p style=\"text-align: center;\"><span style=\"font-size: medium;\">4\u00a7<\/span><\/p>\n<p style=\"text-align: left;\">Yhdistyksen varsinaiseksi j\u00e4seneksi voi liitty\u00e4 jokainen Rautaruukki Oy:lt\u00e4 el\u00e4kkeelle j\u00e4\u00e4nyt ja h\u00e4nen puolisonsa. J\u00e4seneksi hyv\u00e4ksymisest\u00e4 p\u00e4\u00e4tt\u00e4\u00e4 yhdistyksen johtokunta sen j\u00e4lkeen, kun j\u00e4seneksi pyrkiv\u00e4 on antanut itsest\u00e4\u00e4n henkil\u00f6- ym. tarvittavat tiedot. Varsinainen j\u00e4sen suorittaa yhdistykselle kalenterivuosittain j\u00e4senmaksunsa ja maksun suoritettuaan saa j\u00e4senoikeudet.<\/p>\n<p style=\"text-align: left;\">Yhdistys voi kutsua kunniaj\u00e4senekseen yhdistyksen tarkoitusperien edist\u00e4misess\u00e4 erikoisesti ansioituneen henkil\u00f6n.<\/p>\n<p style=\"text-align: center;\"><span style=\"font-size: medium;\">5\u00a7<\/span><\/p>\n<p style=\"text-align: left;\">J\u00e4senen, joka haluaa erota yhdistyksest\u00e4, on ilmoitettava siit\u00e4 johtokunnalle tai sen puheenjohtajalle kirjallisesti tai suullisesti yhdistyksen kokouksen p\u00f6yt\u00e4kirjaan. J\u00e4sensuhde p\u00e4\u00e4ttyy heti, kun eroilmoitus on tehty.<br \/>\nJohtokunta voi erottaa j\u00e4senen, jos h\u00e4n on laiminly\u00f6nyt j\u00e4senmaksunsa suorittamisen tai jos h\u00e4n toimii yhdistyksen tarkoitusperien vastaisesti. Erotetulla on oikeus saattaa erottamisp\u00e4\u00e4t\u00f6s yhdistyksen kokouksen k\u00e4sitelt\u00e4v\u00e4ksi johtokunnalle osoitetulla kirjallisella vaatimuksella, joka on j\u00e4tett\u00e4v\u00e4 30 p\u00e4iv\u00e4n kuluessa siit\u00e4, kun erottamisp\u00e4\u00e4t\u00f6s on saatettu asianomaisen j\u00e4senen tietoon.<\/p>\n<p style=\"text-align: center;\"><span style=\"font-size: medium;\">Hallintoelimet<br \/>\n6\u00a7<\/span><\/p>\n<p style=\"text-align: left;\">Yhdistyksen p\u00e4\u00e4t\u00f6svaltaa k\u00e4ytt\u00e4\u00e4 yhdistyksen kokous, ja yhdistyksen hallintoelimen\u00e4 toimii johtokunta.<\/p>\n<p style=\"text-align: center;\"><span style=\"font-size: medium;\">Yhdistyksen kokoukset<br \/>\n7\u00a7<\/span><\/p>\n<p style=\"text-align: left;\">Yhdistys kokoontuu paitsi varsinaisiin kerhokokouksiinsa, kev\u00e4t- ja syyskokoukseensa, my\u00f6s muulloin ylim\u00e4\u00e4r\u00e4isiin kokouksiin johtokunnan kutsusta tarvittaessa tai jos v\u00e4hint\u00e4\u00e4n 1\/5 yhdistyksen j\u00e4senist\u00e4, nimitetyn asian k\u00e4sittely\u00e4 varten sit\u00e4 johtokunnaalta kirjallisesti pyyt\u00e4\u00e4.<br \/>\nYhdistyksen kokouksista laaditaan p\u00f6yt\u00e4kirja, jonka tarkoituksena suorittamaan valitaan kaksi p\u00f6yt\u00e4kirjan tarkastajaa. Kiireellisen\u00e4 tapauksissa voidaan p\u00e4\u00e4t\u00f6s ja p\u00f6yt\u00e4kirja sen osalta tarkistaa samassakin kokouksessa.<\/p>\n<p style=\"text-align: left;\">Kokouskutsu, jossa on mainittava, huomioon ottaen yhdistyslain 14\u00a7:n m\u00e4\u00e4r\u00e4ykset, ainakin t\u00e4rkeimm\u00e4t k\u00e4sitelt\u00e4v\u00e4t asiat, ilmoitetaan j\u00e4senille joko kirjallisesti tai yhdess\u00e4 tai useammassa paikkakunnalla levi\u00e4v\u00e4ss\u00e4 sanomalehdess\u00e4. Kokouksista on ilmoitettava viikkoa ennen kokousta. Muut tiedonannot j\u00e4senille toimitetaan johtokunnan p\u00e4\u00e4tt\u00e4mill\u00e4 tavalla.<\/p>\n<p style=\"text-align: left;\">Yhdistyksen kokouksissa ovat \u00e4\u00e4nivaltaisia kaikki yhdistyksen varsinaiset j\u00e4senet.<\/p>\n<p style=\"text-align: left;\">K\u00e4sitelt\u00e4v\u00e4t asiat ratkaistaan yhdistyksen kokouksiansa yksinkertaisella \u00e4\u00e4nten enemmist\u00f6ll\u00e4, mik\u00e4li ei n\u00e4iss\u00e4 s\u00e4\u00e4nn\u00f6iss\u00e4 toisin m\u00e4\u00e4r\u00e4t\u00e4. \u00c4\u00e4nten menness\u00e4 tasan ratkaistaan puheenjohtajan kannattama mielipide, vaaleissa arpa.<\/p>\n<p style=\"text-align: center;\"><span style=\"font-size: medium;\">Kev\u00e4tkokous<br \/>\n8\u00a7<\/span><\/p>\n<p style=\"text-align: left;\">Yhdistyksen kev\u00e4tkokous, jonka tarkemman ajan ja paikan johtokunta m\u00e4\u00e4r\u00e4\u00e4, pidet\u00e4\u00e4n helmi-maaliskuussa ja ty\u00f6j\u00e4rjestys on seuraava:<\/p>\n<ol>\n<li>kokouksen avaus ja todetaan kokouksen laillisuus sek\u00e4 p\u00e4\u00e4t\u00f6svaltaisuus,<\/li>\n<li>valitaan kokouksen puheenjohtaja<\/li>\n<li>valitaan kokouksen sihteeri<\/li>\n<li>valitaan kahdesta kolmeen \u00e4\u00e4ntenlaskijaa<\/li>\n<li>valitaan kaksi p\u00f6yt\u00e4kirjan tarkastajaa<\/li>\n<li>esitet\u00e4\u00e4n vuosikertomus, tilikertomus sek\u00e4 tilintarkastajan lausunto<\/li>\n<li>p\u00e4\u00e4tet\u00e4\u00e4n tilinp\u00e4\u00e4t\u00f6ksen vahvistamisesta<\/li>\n<li>p\u00e4\u00e4tet\u00e4\u00e4n vuosikertomuksen hyv\u00e4ksymisest\u00e4<\/li>\n<li>p\u00e4\u00e4tet\u00e4\u00e4n vastuuvapauden my\u00f6nt\u00e4misest\u00e4 johtokunnalta ja muille tilivelvollisille.<\/li>\n<li>P\u00e4\u00e4tet\u00e4\u00e4n sanomalehdist\u00e4 joissa yhdistyksen ilmoitukset julkaistaan.<\/li>\n<li>K\u00e4sitell\u00e4\u00e4n j\u00e4senten tekem\u00e4t ehdotukset, jotka on kirjallisesti j\u00e4tett\u00e4v\u00e4 johtokunnalle viimeist\u00e4\u00e4n kokousvuoden helmikuun 1. p\u00e4iv\u00e4n\u00e4<\/li>\n<\/ol>\n<p style=\"text-align: center;\"><span style=\"font-size: medium;\">Syyskokous<br \/>\n9\u00a7<\/span><\/p>\n<p style=\"text-align: left;\">Yhdistyksen syyskokous, jonka tarkemman ajan ja paikan johtokunta m\u00e4\u00e4r\u00e4\u00e4, pidet\u00e4\u00e4n loka-marraskuussa ja sen ty\u00f6j\u00e4rjestys on seuraava:<\/p>\n<ol>\n<li>Kokouksen avaus ja todetaan kokouksen laillisuus sek\u00e4 p\u00e4\u00e4t\u00f6svaltaisuus.<\/li>\n<li>Valitaan kokouksen puheenjohtaja<\/li>\n<li>Valitaan kokouksen sihteeri<\/li>\n<li>Valitaan kahdesta kolmeen \u00e4\u00e4ntenlaskijaa.<\/li>\n<li>Valitaan kaksi p\u00f6yt\u00e4kirjan tarkastajaa.<\/li>\n<li>Hyv\u00e4ksyt\u00e4\u00e4n toimintasuunnitelma seuraavalle toiminta vuodelle<\/li>\n<li>M\u00e4\u00e4r\u00e4t\u00e4\u00e4n varsinaisten j\u00e4senten j\u00e4senmaksun suuruus seuraavalle kalenterivuodelle<\/li>\n<li>M\u00e4\u00e4r\u00e4t\u00e4\u00e4n johtokunnan j\u00e4senten palkkiot ja muut korvaukset,<\/li>\n<li>Vahvistetaan seuraan vuoden tulo- ja menoarvio.<\/li>\n<li>Valitaan johtokunnan puheenjohtaja<\/li>\n<li>Valitaan johtokunnan varapuheenjohtaja<\/li>\n<li>Valitaan nelj\u00e4 j\u00e4sent\u00e4 johtokuntaan erovuoroisten tilalle<\/li>\n<li>Valitaan tarpeelliset toimikunnat<\/li>\n<li>Valitaan 2 varsinaista ja 2 varatilintarkastajaa seuraavaa kalenterivuotta varten, (Rautaruukki Oy voi my\u00f6s m\u00e4\u00e4r\u00e4t\u00e4 lis\u00e4ksi 1 varsinaisen ja varatilintarkastajan)<\/li>\n<li>K\u00e4sitell\u00e4\u00e4n yhdistyksen johtokunnan esitykset sek\u00e4 j\u00e4senten tekem\u00e4t ehdotukset johtokunnan esitykset sek\u00e4 j\u00e4senten tekem\u00e4t ehdotukset, jotka kirjallisesti j\u00e4tett\u00e4v\u00e4 johtokunnalle viimeist\u00e4\u00e4n lokakuun 1 p\u00e4iv\u00e4n\u00e4.<\/li>\n<\/ol>\n<p style=\"text-align: center;\"><span style=\"font-size: medium;\">Johtokunta<br \/>\n10\u00a7<\/span><\/p>\n<p style=\"text-align: left;\">Yhdistyksen asioita hoitaa hallituksena johtokunta, johon kuuluu syyskokouksessa valittuina puheenjohtaja, varapuheenjohtaja ja 8 j\u00e4sent\u00e4. Puheenjohtajan ja varapuheenjohtajan toimikausi on yksi (1) ja johtokunnan j\u00e4senist\u00e4 on vuosittain puolet erovuorossa, ensimm\u00e4isen kerran arvan mukaan sek\u00e4 sen j\u00e4lkeen vuorottain.<\/p>\n<p style=\"text-align: left;\">Jos puheenjohtaja tai varapuheenjohtaja tai joku johtokuntaan valituista j\u00e4senist\u00e4 kesken toimikauttaan pysyv\u00e4sti estyy teht\u00e4vist\u00e4\u00e4n, voi yhdistyksen kokous valita h\u00e4nen tilalleen toisen henkil\u00f6n j\u00e4ljelle olevaksi toimikaudeksi.<\/p>\n<p style=\"text-align: left;\">Johtokunta valitsee keskuudestaan tai ulkopuolelta tarpeelliset virkailijat.<\/p>\n<p style=\"text-align: left;\">Johtokunta kokoontuu puheenjohtajan tai h\u00e4nen estyneen\u00e4 ollessaan varapuheenhohtajan kutsusta ja on p\u00e4\u00e4t\u00f6svaltainen, kun kutsu kaikille on l\u00e4hetetty ja puheenjohtajan tai varapuheenjohtajan lis\u00e4ksi v\u00e4hint\u00e4\u00e4n puolet johtokunnan j\u00e4senist\u00e4 on saavilla.<\/p>\n<p style=\"text-align: left;\">Johtokunta ratkaisee k\u00e4sitelt\u00e4v\u00e4t asiat yksinkertaisella \u00e4\u00e4nten enemmist\u00f6ll\u00e4. \u00c4\u00e4nten menness\u00e4 tasan voittaa puheenjohtajan kannattama mielipide, vaaleissa arpa.<\/p>\n<p style=\"text-align: left;\">Johtokunnan kokouksista on pidett\u00e4v\u00e4 p\u00f6yt\u00e4kirjaa, josta ilmenev\u00e4t tehdyt p\u00e4\u00e4t\u00f6kset ja mahdolliset \u00e4\u00e4nestykset.<\/p>\n<p style=\"text-align: left;\">P\u00f6yt\u00e4kirjat tarkistetaan johtokunnan seuraavassa kokouksessa tai valitaan tarkistusta suorittamaan p\u00f6yt\u00e4kirjan tarkastajat, paitsi kiireellisin\u00e4 tapauksissa voidaan tarkistusta toimittaa samassa kokouksessa.<\/p>\n<p style=\"text-align: center;\"><span style=\"font-size: medium;\">11\u00a7<\/span><\/p>\n<p style=\"text-align: left;\">Yhdistyksen johtokunta<\/p>\n<ol>\n<li>johtaa yhdistyksen toimintaa n\u00e4iden s\u00e4\u00e4nt\u00f6jen ja yhdistyksen kokousten p\u00e4\u00e4t\u00f6sten mukaisesta toimiessa pyk\u00e4l\u00e4ss\u00e4 mainittujen tarkastuspapereiden saavuttamiseksi;<\/li>\n<li>kutsuu koolle yhdistyksen kokoukset;<\/li>\n<li>hoitaa yhdistyksen juoksevat asiat;<\/li>\n<li>asettaa tarvittaessa avukseen keskuudestaan 3-5 j\u00e4senien ty\u00f6valiokunnan valmistelemaan ja hoitamaan juoksevia asioita ja voi my\u00f6s nimitt\u00e4\u00e4 tilap\u00e4isesti toimikuntia erityisasioiden valmistelemiseksi;<\/li>\n<li>m\u00e4\u00e4rittelee ty\u00f6valiokunnan ja toimikuntien teht\u00e4v\u00e4kuvaukset<\/li>\n<li>hoitaa yhdistyksen omaisuutta ja p\u00e4\u00e4tt\u00e4\u00e4 yhdistyksen rahavarojen k\u00e4yt\u00f6st\u00e4 ottamalla huomioon n\u00e4iden s\u00e4\u00e4nt\u00f6jen m\u00e4\u00e4r\u00e4ykset ja yhdistyksen kev\u00e4t- ja syyskokouksien antamat ohjeet;<\/li>\n<li>ottaa palvelukseen yhdistyksen tarvitseman henkil\u00f6kunnan, jolloin etusijalla on annettava yhdistyksen j\u00e4senille ja p\u00e4\u00e4tt\u00e4\u00e4 heid\u00e4n ty\u00f6ehdoistaan ja toimesta erottamisesta;<\/li>\n<li>hoitaa paitsi yhdistyslain edellytt\u00e4m\u00e4\u00e4 j\u00e4senluetteloa, my\u00f6s yksityiskohtaisemmat tiedot sis\u00e4lt\u00e4m\u00e4t j\u00e4senkortistoa;<\/li>\n<li>tekee esitykset j\u00e4senmaksun suuruudesta;<\/li>\n<li>toimii yhdistyksen lakim\u00e4\u00e4r\u00e4isen\u00e4 edustajana<\/li>\n<li>ratkaisee hakemukset p\u00e4\u00e4st\u00e4 yhdistyksen j\u00e4seneksi;<\/li>\n<li>laatii kokouksille esitett\u00e4v\u00e4ksi yhdistyksen vuosi- ja tilikertomuksen sek\u00e4 toimintasuunnitelman ja talousarvion sek\u00e4<\/li>\n<li>k\u00e4sittelee yhdistyksen j\u00e4senten yhdistyksen kokouksen k\u00e4sitelt\u00e4v\u00e4ksi tarkoittamat ehdotukset sek\u00e4 antaa niist\u00e4 lausuntonsa.<\/li>\n<\/ol>\n<p style=\"text-align: center;\"><span style=\"font-size: medium;\">Yhdistyksen nimen kirjoittaminen<br \/>\n12\u00a7<\/span><\/p>\n<p style=\"text-align: left;\">Yhdistyksen nimen kirjoittaa johtokunnan puheenjohtaja, varapuheenjohtaja, sihteeri ja yhdistyksen johtokunnan m\u00e4\u00e4r\u00e4\u00e4m\u00e4 johtokunnan j\u00e4sen kaksi yhdess\u00e4.<\/p>\n<p style=\"text-align: center;\"><span style=\"font-size: medium;\">Tilien p\u00e4\u00e4tt\u00e4minen<br \/>\n13\u00a7<\/span><\/p>\n<p style=\"text-align: left;\">Yhdistyksen tilit p\u00e4\u00e4tet\u00e4\u00e4n kalenterivuosittain. Tilit ja muut hallintoa koskevat asiakirjat tulee olla valmiina tilintarkastajille osoitettavaksi kahta viikkoa ennen kev\u00e4tkokousta. Tilintarkastajien on annettava tarkastuslausuntonsa johtokunnalle viimeist\u00e4\u00e4n viikkoa ennen kokousp\u00e4iv\u00e4\u00e4.<\/p>\n<p style=\"text-align: center;\"><span style=\"font-size: medium;\">S\u00e4\u00e4nt\u00f6jen muuttaminen<br \/>\n14\u00a7<\/span><\/p>\n<p style=\"text-align: left;\">N\u00e4ihin s\u00e4\u00e4nt\u00f6ihin voidaan tehd\u00e4 muutoksia, jos kokouskutsussa on ollut siit\u00e4 maininta ja jos muutokset puolestaan annetaan v\u00e4hint\u00e4\u00e4n 2\/3 kokouksessa annetuista \u00e4\u00e4nist\u00e4<\/p>\n<p style=\"text-align: center;\"><span style=\"font-size: medium;\">15\u00a7<\/span><\/p>\n<p style=\"text-align: left;\">Jos yhdistys purkaantuu, tai jos se lakkautetaan, on sen varat luovutettava muulle paikkakunnalla rekister\u00f6idylle yhdistykselle, jonka p\u00e4\u00e4tarkoituksena on el\u00e4kel\u00e4isten virkistystoiminta. Yhdistyksen purkamisp\u00e4\u00e4t\u00f6s on teht\u00e4v\u00e4 kahdessa per\u00e4kk\u00e4isess\u00e4 kokouksessa v\u00e4hint\u00e4\u00e4n n 4\/5 enemmist\u00f6ll\u00e4 annetuista \u00e4\u00e4nist\u00e4 ja kokouksen v\u00e4liaika on oltava v\u00e4hint\u00e4\u00e4n yksi kuukausi.<\/p>\n<p style=\"text-align: center;\"><span style=\"font-size: medium;\">S\u00e4\u00e4nt\u00f6jen soveltaminen<br \/>\n16\u00a7<\/span><\/p>\n<p style=\"text-align: left;\">Muissa kohdissa noudatetaan voimassa olevaa yhdistyslain s\u00e4\u00e4nn\u00f6ksi\u00e4.<\/p>\n<p>Raahessa 10.2.1981.<\/p>\n<p>P\u00f6yt\u00e4kirjan n:o 2 2017 johtokunnan p\u00e4\u00e4t\u00f6s j\u00e4senoikeuden rajatapauksista:<\/p>\n<p>Henkil\u00f6 j\u00e4\u00e4nyt leskeksi, on yhdistyksen j\u00e4sen ei ole ollut Rautaruukilla t\u00f6iss\u00e4. &nbsp;<strong>UUSI KUMPPANI EI VOI LIITTY\u00c4 J\u00c4SENEKSI<\/strong><\/p>\n<p>Henkil\u00f6 ollut Rautaruukilla t\u00f6iss\u00e4. Kumppani ei Rautaruukilla t\u00f6iss\u00e4. <strong>VOI LIITTY\u00c4 J\u00c4SENEKSI<\/strong><\/p>\n<p>Henkil\u00f6 j\u00e4\u00e4nyt leskeksi, Ei ole ollut rautaruukilla t\u00f6iss\u00e4, puoliso ollut RR t\u00f6iss\u00e4 &nbsp;<strong>EI VOI LIITTY\u00c4 J\u00c4SENEKSI<\/strong><\/p>\n<p>Henkil\u00f6 j\u00e4\u00e4nyt &#8221;putkeen&#8221;<strong> Rautaruukilta voi liitty\u00e4 j\u00e4seneksi.<\/strong><\/p>\n<p>&nbsp;<\/p>\n<p>&nbsp;<\/p>\n<p>&nbsp;<\/p>\n<p><strong><span style=\"font-size: large;\">&nbsp;<\/span><\/strong><\/p>\n","protected":false},"excerpt":{"rendered":"<p>S\u00c4\u00c4NN\u00d6T Nimi ja tarkoitus 1\u00a7 Yhdistyksen nimi on Rautaruukin El\u00e4kel\u00e4iset. Yhdistys on suomenkielinen ja sen kotipaikka on RAAHE toimialueena Raahe, Pattijoki, Ruukki, Vihanti, Pyh\u00e4joki, Siikajoki. 2\u00a7 Yhdistyksen toiminnan tarkoituksena on toimia Rautaruukki Oy:n Raahen tehtaiden ymp\u00e4rist\u00f6kunnissa el\u00e4kkeell\u00e4 olevien yhdyssiteen\u00e4, tehd\u00e4 valistusty\u00f6t\u00e4 el\u00e4kel\u00e4isten keskuudessa, her\u00e4tt\u00e4\u00e4 kaikenlaiseen omatoimisuuteen kuntonsa yll\u00e4pit\u00e4miseksi, kehitt\u00e4\u00e4 el\u00e4kel\u00e4isten henkist\u00e4 ja ruumiillista kuntoa, laajentaa <a href=\"https:\/\/rautaruukinelakelaiset.fi\/?page_id=19\">Continue reading &#8594;<\/a><\/p>\n","protected":false},"author":1,"featured_media":0,"parent":0,"menu_order":8,"comment_status":"closed","ping_status":"closed","template":"","meta":{"ngg_post_thumbnail":0,"footnotes":""},"class_list":["post-19","page","type-page","status-publish","hentry"],"_links":{"self":[{"href":"https:\/\/rautaruukinelakelaiset.fi\/index.php?rest_route=\/wp\/v2\/pages\/19","targetHints":{"allow":["GET"]}}],"collection":[{"href":"https:\/\/rautaruukinelakelaiset.fi\/index.php?rest_route=\/wp\/v2\/pages"}],"about":[{"href":"https:\/\/rautaruukinelakelaiset.fi\/index.php?rest_route=\/wp\/v2\/types\/page"}],"author":[{"embeddable":true,"href":"https:\/\/rautaruukinelakelaiset.fi\/index.php?rest_route=\/wp\/v2\/users\/1"}],"replies":[{"embeddable":true,"href":"https:\/\/rautaruukinelakelaiset.fi\/index.php?rest_route=%2Fwp%2Fv2%2Fcomments&post=19"}],"version-history":[{"count":15,"href":"https:\/\/rautaruukinelakelaiset.fi\/index.php?rest_route=\/wp\/v2\/pages\/19\/revisions"}],"predecessor-version":[{"id":7952,"href":"https:\/\/rautaruukinelakelaiset.fi\/index.php?rest_route=\/wp\/v2\/pages\/19\/revisions\/7952"}],"wp:attachment":[{"href":"https:\/\/rautaruukinelakelaiset.fi\/index.php?rest_route=%2Fwp%2Fv2%2Fmedia&parent=19"}],"curies":[{"name":"wp","href":"https:\/\/api.w.org\/{rel}","templated":true}]}}