{"id":130,"date":"2009-03-05T22:30:05","date_gmt":"2009-03-05T20:30:05","guid":{"rendered":"http:\/\/rautaruukinelakelaiset.fi\/?page_id=130"},"modified":"2026-05-14T08:44:24","modified_gmt":"2026-05-14T06:44:24","slug":"welcome","status":"publish","type":"page","link":"https:\/\/rautaruukinelakelaiset.fi\/","title":{"rendered":"Etusivu"},"content":{"rendered":"<p><em><span style=\"color: #008080;\"><span style=\"font-size: xx-large;\"><strong>Rautaruukin El\u00e4kel\u00e4iset ry<\/strong><\/span><\/span><\/em><\/p>\n<p><span style=\"font-size: 20px;\"><strong>&nbsp;Kerh<\/strong><strong>op\u00e4iv\u00e4 keskiviikkoisin klo: 15:00 alkaen<\/strong><\/span><\/p>\n<p>&nbsp;<\/p>\n<p><strong><span style=\"font-size: 20px;\">Olemme kes\u00e4lomalla. <\/span><\/strong><span style=\"font-size: 20px;\">Jatketaan taas syksyll\u00e4!<\/span><\/p>\n<p><strong><span style=\"font-size: 20px;\"> <img loading=\"lazy\" decoding=\"async\" class=\"alignnone wp-image-9638\" src=\"http:\/\/rautaruukinelakelaiset.fi\/wp-content\/uploads\/2025\/05\/Rhodos-25-010d.jpg\" alt=\"\" width=\"473\" height=\"631\" srcset=\"https:\/\/rautaruukinelakelaiset.fi\/wp-content\/uploads\/2025\/05\/Rhodos-25-010d.jpg 810w, https:\/\/rautaruukinelakelaiset.fi\/wp-content\/uploads\/2025\/05\/Rhodos-25-010d-225x300.jpg 225w, https:\/\/rautaruukinelakelaiset.fi\/wp-content\/uploads\/2025\/05\/Rhodos-25-010d-768x1024.jpg 768w\" sizes=\"auto, (max-width: 473px) 100vw, 473px\" \/><\/span><\/strong><\/p>\n<p>Hein\u00e4kuussa k\u00e4yd\u00e4\u00e4n Siilinj\u00e4rvell\u00e4 kes\u00e4teatterissa.<\/p>\n<p>&#8212;&#8212;&#8212;&#8212;&#8212;&#8212;&#8212;&#8212;&#8212;&#8212;&#8212;&#8212;&#8212;&#8212;&#8212;&#8212;&#8212;&#8212;&#8212;&#8212;&#8212;&#8212;&#8212;&#8212;&#8212;&#8212;&#8212;&#8212;&#8212;&#8211;<\/p>\n<p><span style=\"font-size: 20px;\"><strong>Ruskamatka<\/strong><\/span><\/p>\n<p><span style=\"font-size: 20px;\">Vuokattiin <strong>17-20.9.2026.<\/strong><\/span><\/p>\n<p>Lis\u00e4tietoja <a href=\"https:\/\/rautaruukinelakelaiset.fi\/?page_id=508\"><strong>Matkat 2026<\/strong><\/a><\/p>\n<p>&#8212;&#8212;&#8212;&#8212;&#8212;&#8212;&#8212;&#8212;&#8212;&#8212;&#8212;&#8212;&#8212;&#8212;&#8212;&#8212;&#8212;&#8212;&#8212;&#8212;&#8212;&#8212;&#8212;&#8212;&#8212;&#8212;&#8212;&#8212;&#8212;&#8211;<\/p>\n<p><span style=\"font-size: 20px;\">Huom! Katso <strong>Virkistysp\u00e4iv\u00e4<\/strong> alempana!<\/span><\/p>\n<p>&nbsp;<\/p>\n<p><img loading=\"lazy\" decoding=\"async\" class=\"alignnone size-full wp-image-10262\" src=\"http:\/\/rautaruukinelakelaiset.fi\/wp-content\/uploads\/2026\/04\/Sokkoretki-26.jpg\" alt=\"\" width=\"906\" height=\"680\" srcset=\"https:\/\/rautaruukinelakelaiset.fi\/wp-content\/uploads\/2026\/04\/Sokkoretki-26.jpg 906w, https:\/\/rautaruukinelakelaiset.fi\/wp-content\/uploads\/2026\/04\/Sokkoretki-26-300x225.jpg 300w, https:\/\/rautaruukinelakelaiset.fi\/wp-content\/uploads\/2026\/04\/Sokkoretki-26-768x576.jpg 768w\" sizes=\"auto, (max-width: 906px) 100vw, 906px\" \/><\/p>\n<p>Sokkomatka Nivalaan.<\/p>\n<p><span style=\"font-size: 20px;\"><strong>Virkistysp\u00e4iv\u00e4lle<\/strong> ilmoittautuminen Seija Knuutilalle tekstiviestill\u00e4 0503555469.<\/span><\/p>\n<hr>\n<p><img loading=\"lazy\" decoding=\"async\" class=\"alignnone size-full wp-image-10280\" src=\"http:\/\/rautaruukinelakelaiset.fi\/wp-content\/uploads\/2026\/05\/virkistyspaiva.png\" alt=\"\" width=\"865\" height=\"1254\" srcset=\"https:\/\/rautaruukinelakelaiset.fi\/wp-content\/uploads\/2026\/05\/virkistyspaiva.png 865w, https:\/\/rautaruukinelakelaiset.fi\/wp-content\/uploads\/2026\/05\/virkistyspaiva-207x300.png 207w, https:\/\/rautaruukinelakelaiset.fi\/wp-content\/uploads\/2026\/05\/virkistyspaiva-706x1024.png 706w, https:\/\/rautaruukinelakelaiset.fi\/wp-content\/uploads\/2026\/05\/virkistyspaiva-768x1113.png 768w\" sizes=\"auto, (max-width: 865px) 100vw, 865px\" \/><\/p>\n<p><span style=\"font-size: 20px;\">Virkistysp\u00e4iv\u00e4n aikataulu 23.5.2026<\/span><\/p>\n<p><span style=\"font-size: 20px;\">klo 11.00 Tilaisuuden tervetulosanat,<\/span><br \/>\n<span style=\"font-size: 20px;\">vanhusneuvoston pj. Risto Rautio ja vammaisneuvoston pj. Leila Pakarinen<\/span><br \/>\n<span style=\"font-size: 20px;\">noin 11.05 Kaupungin tervehdys<\/span><br \/>\n<span style=\"font-size: 20px;\">noin 11.15 Kehvelit esiintyv\u00e4t<\/span><br \/>\n<span style=\"font-size: 20px;\">noin 11.30 Makkarat ja kahvit (taustalla Leilan soittoa)<\/span><br \/>\n<span style=\"font-size: 20px;\">noin 12.15 Jumppa vihantilainen Seija H\u00e4nninen, kesto noin 15\u201320 min.<\/span><br \/>\n<span style=\"font-size: 20px;\">noin 12.40 Tanssit alkavat<\/span><br \/>\n<span style=\"font-size: 20px;\">noin 13.30 Tanssien p\u00e4\u00e4tytty\u00e4 palkintojen jako<\/span><br \/>\n<span style=\"font-size: 20px;\">Tilaisuus p\u00e4\u00e4ttyy<\/span><\/p>\n<p><span style=\"font-size: 20px;\">Kettinginheitto, onnenpy\u00f6r\u00e4, tikanheitto ja riksapy\u00f6r\u00e4ll\u00e4 ajelu taustalla<\/span><br \/>\n<span style=\"font-size: 20px;\">koko tilaisuuden ajan.<\/span><\/p>\n<p>=============================================================<\/p>\n<p><span style=\"font-size: 24px;\">Kes\u00e4teatteri, musikaaliesitys<\/span><br \/>\n<span style=\"font-size: 24px;\"><strong>Katariina ja Munkkiniemen kreivi 30.7. 2026<\/strong><\/span><br \/>\n<span style=\"font-size: 24px;\">Siilinj\u00e4rvell\u00e4<\/span><\/p>\n<p><span style=\"font-size: 20px;\">Paikkoja j\u00e4ljell\u00e4 7.<\/span><\/p>\n<p><span style=\"font-size: 20px;\"><strong>Maksakaa ennakkomaksu 20\u20ac.<\/strong> Loppumaksu 24.6. menness\u00e4. <\/span><\/p>\n<p><span style=\"font-size: 20px;\">Viitenumero 1041.<\/span><\/p>\n<p>&nbsp;<\/p>\n<p><span style=\"font-size: 20px;\">Lis\u00e4tietoja <\/span><a href=\"https:\/\/rautaruukinelakelaiset.fi\/?page_id=508\"><strong><span style=\"font-size: 20px;\">Matkat 2026<\/span><\/strong><\/a><\/p>\n<hr>\n<p><span style=\"font-size: 20px;\"><strong>Kerhon tilillepanoissa on otettu k\u00e4ytt\u00f6\u00f6n viitenumerot<\/strong>! K\u00e4yt\u00e4 niit\u00e4 aina maksaessasi tilille!<\/span><\/p>\n<p>Viitenumeron kanssa ei voi k\u00e4ytt\u00e4\u00e4 viesti\u00e4, mutta viitenumero riitt\u00e4\u00e4!<\/p>\n<p><span style=\"font-size: 20px;\"><strong><a href=\"https:\/\/rautaruukinelakelaiset.fi\/?page_id=9875\">Viitenumerot<\/a>.<\/strong><\/span><\/p>\n<p>&#8212;&#8212;&#8212;&#8212;&#8212;&#8212;&#8212;&#8212;&#8212;&#8212;&#8212;&#8212;&#8212;&#8212;&#8212;&#8212;&#8212;&#8212;&#8212;&#8212;&#8212;&#8212;&#8212;&#8212;&#8212;&#8212;&#8212;&#8212;&#8212;&#8212;&#8212;&#8212;&#8212;&#8212;&#8212;&#8211;<\/p>\n<p><span style=\"font-size: 20px;\"><strong><span style=\"font-size: 24px;\">Lentopallovuorot<\/span> <\/strong><\/span><\/p>\n<p><span style=\"font-size: 20px;\"><strong>Raahen liikuntahallilla<\/strong>.<\/span><\/p>\n<p><span style=\"font-size: 20px; color: #000000;\">Lentopallovuorot tammikuussa <strong>maanantaina ja torstaina 14:30<\/strong>.<\/span><\/p>\n<p><span style=\"font-size: 20px;\">Lis\u00e4tietoja: Veikko Poikola 0400237645<\/span><\/p>\n<p>&nbsp;<\/p>\n<hr>\n<p><strong><span style=\"font-size: 24px;\">Keilaus <\/span><\/strong><\/p>\n<p><span style=\"font-size: 20px;\"><strong>Keilausvuorot:<\/strong> Torstaisin kello <strong>11:00<\/strong> Uimahallilla 27.5. asti.&nbsp;<\/span><\/p>\n<p><span style=\"font-size: 20px;\">Tervetuloa mukaan!<\/span><\/p>\n<p><span style=\"font-size: 20px;\">&nbsp;<\/span><span style=\"font-size: 20px;\">Lis\u00e4tietoja: Matti Silvola 0505427086.<\/span><\/p>\n<p><span style=\"font-size: 24px;\">&#8212;&#8212;&#8212;&#8212;&#8212;&#8212;&#8212;&#8212;&#8212;&#8212;&#8212;&#8212;&#8212;&#8212;&#8212;&#8212;&#8212;&#8212;&#8212;&#8212;&#8212;&#8212;&#8212;&#8212;&#8212;&#8212;&#8212;&#8212;&#8212;&#8212;<\/span><\/p>\n<p><span style=\"font-size: 14pt;\">Kerholla lainattavissa muistitikku, jossa on tuhansia kuvia vuosien varrelta.<\/span><\/p>\n<ul>\n<li><span style=\"color: #008080;\"><span style=\"font-size: xx-large;\"><strong><span style=\"font-size: large;\">Kerh<\/span><\/strong><\/span><\/span><span style=\"color: #008080;\"><span style=\"font-size: xx-large;\"><strong><span style=\"font-size: large;\">op\u00e4iv\u00e4 keskiviikkoisin <\/span><\/strong><\/span><\/span><span style=\"color: #008080;\"><span style=\"font-size: xx-large;\"><strong><span style=\"font-size: large;\"> alkaen <\/span><\/strong><\/span><\/span><span style=\"color: #008080;\"><span style=\"font-size: xx-large;\"><strong><span style=\"font-size: large;\">klo: 15:00 (katso viikko-ohjelma). &nbsp; &nbsp;KREIVINAIKA<\/span><\/strong><\/span><\/span><\/li>\n<li><span style=\"color: #008080;\"><span style=\"font-size: xx-large;\"><strong><span style=\"font-size: large;\">Senioritanssiharjoitukset kerhop\u00e4ivin\u00e4 klo &nbsp;14:00 KREIVINAIKA<\/span><\/strong><\/span><\/span><\/li>\n<li><span style=\"color: #008080;\"><span style=\"font-size: xx-large;\"><strong><span style=\"font-size: large;\">Lauluharjoitukset kerhop\u00e4ivin\u00e4 klo 16:00 &nbsp; KREIVINAIKA<\/span><\/strong><\/span><\/span><\/li>\n<\/ul>\n<ul>\n<li><span style=\"color: #000000; font-size: large; font-weight: bold;\">Kerhon j\u00e4senmaksu vuodelle 2026&nbsp; 20\u20ac. <\/span><\/li>\n<li><span style=\"color: #008080;\"><span style=\"font-size: large;\"><strong><span style=\"color: #000000;\">Jos olet uusi j\u00e4sen, t\u00e4yt\u00e4 ensin j\u00e4senhakemus netiss\u00e4 <\/span><\/strong><\/span><\/span><span style=\"color: #008080;\"><span style=\"font-size: large;\"><strong><span style=\"color: #000000;\"> tai kerhossa.<\/span><\/strong><\/span><\/span><\/li>\n<li><span style=\"color: #008080;\"><span style=\"font-size: large;\"><strong><span style=\"color: #000000;\">Kerhossa saat j\u00e4senkortin rahastonhoitajalta.<\/span><\/strong><\/span><\/span><strong><br \/>\n<\/strong><\/li>\n<\/ul>\n<ul>\n<li><strong><span style=\"font-size: large;\"><span style=\"color: #33cccc;\"><span style=\"color: #008080;\">Maksut kerhon tilille:<\/span> <\/span> Fi 175 381 032 011 4620 &nbsp; <\/span><\/strong><span style=\"color: #008080;\"><span style=\"font-size: large;\">(<\/span><span style=\"font-size: large;\">viitenumero: 1012)<\/span><\/span><\/li>\n<\/ul>\n<p><span style=\"color: #008080;\"><span style=\"font-size: large;\"><span style=\"color: #ffffff;\">.<\/span> <\/span><\/span><\/p>\n<ul>\n<li><span style=\"font-size: large;\">Kerholle on perustettu oma <strong>facebook-ryhm\u00e4<\/strong>, nimelt\u00e4\u00e4n<span style=\"text-decoration: underline;\"> <em>Rautaruukin El\u00e4kel\u00e4iset.<\/em><\/span>&nbsp; Sivulle voivat liitty\u00e4 kaikki Rautaruukilta tai SSAB:lta el\u00e4kkeelle j\u00e4\u00e4neet. Sivulle on jo kertynyt runsaasti vanhoja valokuvia Rautaruukista. <strong>Liity mukaan!!<\/strong> <\/span><\/li>\n<\/ul>\n<p style=\"margin-bottom: 0cm;\"><strong><span style=\"font-size: large;\"><span style=\"color: #ffffff;\">.<\/span><\/span><\/strong><\/p>\n<div class=\"mceTemp\">&nbsp;<\/div>\n<div class=\"mceTemp\">&nbsp;<\/div>\n<div class=\"mceTemp\">&nbsp;<\/div>\n<div class=\"mceTemp\">&nbsp;<\/div>\n<div class=\"mceTemp\">&nbsp;<\/div>\n<p>&nbsp;<\/p>\n","protected":false},"excerpt":{"rendered":"<p>Rautaruukin El\u00e4kel\u00e4iset ry &nbsp;Kerhop\u00e4iv\u00e4 keskiviikkoisin klo: 15:00 alkaen &nbsp; Olemme kes\u00e4lomalla. Jatketaan taas syksyll\u00e4! Hein\u00e4kuussa k\u00e4yd\u00e4\u00e4n Siilinj\u00e4rvell\u00e4 kes\u00e4teatterissa. &#8212;&#8212;&#8212;&#8212;&#8212;&#8212;&#8212;&#8212;&#8212;&#8212;&#8212;&#8212;&#8212;&#8212;&#8212;&#8212;&#8212;&#8212;&#8212;&#8212;&#8212;&#8212;&#8212;&#8212;&#8212;&#8212;&#8212;&#8212;&#8212;&#8211; Ruskamatka Vuokattiin 17-20.9.2026. Lis\u00e4tietoja Matkat 2026 &#8212;&#8212;&#8212;&#8212;&#8212;&#8212;&#8212;&#8212;&#8212;&#8212;&#8212;&#8212;&#8212;&#8212;&#8212;&#8212;&#8212;&#8212;&#8212;&#8212;&#8212;&#8212;&#8212;&#8212;&#8212;&#8212;&#8212;&#8212;&#8212;&#8211; Huom! Katso Virkistysp\u00e4iv\u00e4 alempana! &nbsp; Sokkomatka Nivalaan. Virkistysp\u00e4iv\u00e4lle ilmoittautuminen Seija Knuutilalle tekstiviestill\u00e4 0503555469. Virkistysp\u00e4iv\u00e4n aikataulu 23.5.2026 klo 11.00 Tilaisuuden tervetulosanat, vanhusneuvoston pj. Risto Rautio ja vammaisneuvoston pj. Leila Pakarinen <a href=\"https:\/\/rautaruukinelakelaiset.fi\/\">Continue reading &#8594;<\/a><\/p>\n","protected":false},"author":1,"featured_media":0,"parent":0,"menu_order":0,"comment_status":"closed","ping_status":"open","template":"","meta":{"ngg_post_thumbnail":0,"footnotes":""},"class_list":["post-130","page","type-page","status-publish","hentry"],"_links":{"self":[{"href":"https:\/\/rautaruukinelakelaiset.fi\/index.php?rest_route=\/wp\/v2\/pages\/130","targetHints":{"allow":["GET"]}}],"collection":[{"href":"https:\/\/rautaruukinelakelaiset.fi\/index.php?rest_route=\/wp\/v2\/pages"}],"about":[{"href":"https:\/\/rautaruukinelakelaiset.fi\/index.php?rest_route=\/wp\/v2\/types\/page"}],"author":[{"embeddable":true,"href":"https:\/\/rautaruukinelakelaiset.fi\/index.php?rest_route=\/wp\/v2\/users\/1"}],"replies":[{"embeddable":true,"href":"https:\/\/rautaruukinelakelaiset.fi\/index.php?rest_route=%2Fwp%2Fv2%2Fcomments&post=130"}],"version-history":[{"count":2622,"href":"https:\/\/rautaruukinelakelaiset.fi\/index.php?rest_route=\/wp\/v2\/pages\/130\/revisions"}],"predecessor-version":[{"id":10311,"href":"https:\/\/rautaruukinelakelaiset.fi\/index.php?rest_route=\/wp\/v2\/pages\/130\/revisions\/10311"}],"wp:attachment":[{"href":"https:\/\/rautaruukinelakelaiset.fi\/index.php?rest_route=%2Fwp%2Fv2%2Fmedia&parent=130"}],"curies":[{"name":"wp","href":"https:\/\/api.w.org\/{rel}","templated":true}]}}